{"id":78,"date":"2014-12-28T13:12:54","date_gmt":"2014-12-28T13:12:54","guid":{"rendered":"http:\/\/hesat.ebeling.it\/wp\/?page_id=78"},"modified":"2015-11-11T12:36:59","modified_gmt":"2015-11-11T12:36:59","slug":"links","status":"publish","type":"page","link":"https:\/\/www.modellbahn-koenigslutter.de\/?page_id=78","title":{"rendered":"Links"},"content":{"rendered":"<table width=\"100%\">\n<tbody>\n<tr>\n<td style=\"border: 0px;\"><strong><em><b>Hersteller:<\/b><\/em><\/strong><\/td>\n<\/tr>\n<tr>\n<td style=\"border: 0px;\"><a href=\"http:\/\/www.lgb-bahn.de\/\" target=\"_blank\">LGB<\/a><\/td>\n<td style=\"border: 0px;\">Lehmann Gro\u00df Bahn<\/td>\n<\/tr>\n<tr>\n<td style=\"border: 0px;\"><a href=\"http:\/\/www.maerklin.de\/de\/\" target=\"_blank\">M\u00e4rklin<\/a><\/td>\n<td style=\"border: 0px;\">M\u00e4rklin Homepage<\/td>\n<\/tr>\n<tr>\n<td style=\"border: 0px;\"><\/td>\n<\/tr>\n<tr>\n<td style=\"border: 0px;\"><b>Vereinsseiten:<\/b><\/td>\n<\/tr>\n<tr>\n<td style=\"border: 0px;\"><a href=\"http:\/\/akeson.de\/\" target=\"_blank\">AKESON<\/a><\/td>\n<td style=\"border: 0px;\">Arbeitskreis Eisenbahngeschichte S\u00fcdostniedersachsen<\/td>\n<\/tr>\n<tr>\n<td style=\"border: 0px;\"><\/td>\n<\/tr>\n<tr>\n<td style=\"border: 0px;\"><b>Weitere Links:<\/b><\/td>\n<\/tr>\n<tr>\n<td style=\"border: 0px;\"><a href=\"http:\/\/www.gartenbahn.de\" target=\"_blank\">Die Gartenbahn<\/a><\/td>\n<td style=\"border: 0px;\">Das Magazin f\u00fcr Spur I &amp; IIm<\/td>\n<\/tr>\n<tr>\n<td style=\"border: 0px;\"><a href=\"http:\/\/www.modellbahn-broders.de\/\" target=\"_blank\">Broders<\/a><\/td>\n<td style=\"border: 0px;\">Modellbahn Broders Einzelhandel Braunschweig<\/td>\n<\/tr>\n<tr>\n<td style=\"border: 0px;\"><a href=\"http:\/\/www.hsb-wr.de\/\" target=\"_blank\">HSB<\/a><\/td>\n<td style=\"border: 0px;\">Harzer Schmalspurbahnen<\/td>\n<\/tr>\n<tr>\n<td style=\"border: 0px;\"><a href=\"http:\/\/www.deutschebahn.com\/site\/bahn\/de\/start.html\" target=\"_blank\">Deutsche Bahn<\/a><\/td>\n<td style=\"border: 0px;\">Startseite der deutschen Bahn<\/td>\n<\/tr>\n<tr>\n<td style=\"border: 0px;\"><a href=\"http:\/\/www.koenigslutter.de\/\" target=\"_blank\">K\u00f6nigslutter<\/a><\/td>\n<td style=\"border: 0px;\">Stadt K\u00f6nigslutter am Elm<\/td>\n<\/tr>\n<\/tbody>\n<\/table>\n<h6><span style=\"color: #808080;\">F\u00fcr die Inhalte der verlinkten Seiten sind wir nicht verantwortliche und \u00fcbernehmen daher keine Haftung<\/span><\/h6>\n","protected":false},"excerpt":{"rendered":"<p>Hersteller: LGB Lehmann Gro\u00df Bahn M\u00e4rklin M\u00e4rklin Homepage Vereinsseiten: AKESON Arbeitskreis Eisenbahngeschichte S\u00fcdostniedersachsen Weitere Links: Die Gartenbahn Das Magazin f\u00fcr Spur I &amp; IIm Broders Modellbahn Broders Einzelhandel Braunschweig HSB Harzer Schmalspurbahnen Deutsche Bahn Startseite der deutschen Bahn K\u00f6nigslutter Stadt K\u00f6nigslutter am Elm F\u00fcr die Inhalte der verlinkten Seiten sind wir nicht verantwortliche und \u00fcbernehmen [&hellip;]<\/p>\n","protected":false},"author":2,"featured_media":0,"parent":0,"menu_order":0,"comment_status":"open","ping_status":"open","template":"page-templates\/front-page.php","meta":{"footnotes":""},"class_list":["post-78","page","type-page","status-publish","hentry"],"_links":{"self":[{"href":"https:\/\/www.modellbahn-koenigslutter.de\/index.php?rest_route=\/wp\/v2\/pages\/78","targetHints":{"allow":["GET"]}}],"collection":[{"href":"https:\/\/www.modellbahn-koenigslutter.de\/index.php?rest_route=\/wp\/v2\/pages"}],"about":[{"href":"https:\/\/www.modellbahn-koenigslutter.de\/index.php?rest_route=\/wp\/v2\/types\/page"}],"author":[{"embeddable":true,"href":"https:\/\/www.modellbahn-koenigslutter.de\/index.php?rest_route=\/wp\/v2\/users\/2"}],"replies":[{"embeddable":true,"href":"https:\/\/www.modellbahn-koenigslutter.de\/index.php?rest_route=%2Fwp%2Fv2%2Fcomments&post=78"}],"version-history":[{"count":1,"href":"https:\/\/www.modellbahn-koenigslutter.de\/index.php?rest_route=\/wp\/v2\/pages\/78\/revisions"}],"predecessor-version":[{"id":500,"href":"https:\/\/www.modellbahn-koenigslutter.de\/index.php?rest_route=\/wp\/v2\/pages\/78\/revisions\/500"}],"wp:attachment":[{"href":"https:\/\/www.modellbahn-koenigslutter.de\/index.php?rest_route=%2Fwp%2Fv2%2Fmedia&parent=78"}],"curies":[{"name":"wp","href":"https:\/\/api.w.org\/{rel}","templated":true}]}}