{"id":13,"date":"2014-12-28T11:57:37","date_gmt":"2014-12-28T11:57:37","guid":{"rendered":"http:\/\/hesat.ebeling.it\/wp\/?page_id=13"},"modified":"2017-01-25T20:05:23","modified_gmt":"2017-01-25T20:05:23","slug":"uber-uns","status":"publish","type":"page","link":"https:\/\/www.modellbahn-koenigslutter.de\/?page_id=13","title":{"rendered":"\u00dcber uns"},"content":{"rendered":"<div id=\"content\">\n<div align=\"justify\">\n<p>Die Arbeitsgemeinschaft Eisenbahn K\u00f6nigslutter ist ein eingetragener Verein mit derzeit 15 Mitgliedern aus K\u00f6nigslutter und Umgebung. Unser Verein besteht seit 1999.<\/p>\n<p>Wir besch\u00e4ftigen uns haupts\u00e4chlich mit der Spur IIm (LGB).<\/p>\n<p>In dieser Spur betreiben wir eine Modulanlage in der Gr\u00f6\u00dfe 15,0 x 3,0 m. Landschaft, H\u00e4user und Fahrbetrieb sind auf die HSB und den Harz abgestimmt. Auf der Anlage zeigen wir auch Funktionsmodelle aus der Vereinswerkstatt, die sonst nirgends zu sehen sind. Mit der Modulanlage beteiligen wir uns an gro\u00dfen Modellbahnmessen, bisher in Leipzig, M\u00fcnchen, Dortmund, Bremen, K\u00f6ln und Friedrichshafen zum Teil bereits mehrmals.<\/p>\n<p>Daneben arbeiten wir mit den Harzer Schmalspurbahnen zusammen und sind mit ihnen gemeinsam im Rahmen der Veranstaltungsreihe \u201cHSB on Tour\u201d unterwegs. Bisher in Braunschweig, Dortmund, Hannover, Stiege, Nordhausen, Wernigerode und Gernrode.<\/p>\n<p>Weiterhin veranstalten wir im M\u00e4rz und November im Landgasthof &amp; Hotel \u201cLindenhof\u201d, Im Winkel 23, K\u00f6nigslutter\/Bornum eine Modellbahnb\u00f6rse unter der \u00dcberschrift \u201cK\u00f6nigslutteraner Modellbahn- und Spielzeugmarkt\u201d.<\/p>\n<p>In K\u00f6nigslutter veranstalten wir eigene Modellbahnausstellungen und beteiligen uns an verschiedenen Veranstaltungen in K\u00f6nigslutter, z.B. am j\u00e4hrlichen Adventsmarkt im Rathaussaal oder auch am Domfest oder dem K\u00fcrbisfest.<\/p>\n<p>Daneben nehmen auch Geselligkeit, Besuche bei der \u201crichtigen Bahn\u201d sowie Ausfl\u00fcge zu Messen und Modellbahnausstellungen einen breiten Raum in unserem Vereinsleben ein.<\/p>\n<p>Als Abrundung unseres Vereinslebens besch\u00e4ftigen wir uns mit der regionalen Eisenbahngeschichte. Hier liegt unser Hauptaugenmerk auf der ehemaligen \u201cKalibahn\u201d von K\u00f6nigslutter nach Beienrode.<\/p>\n<p>Wir treffen uns an jedem 1. Dienstag im Monat zu unserem Vereinsabend im Restaurant \u201cZum Landsknecht\u201d, G\u00e4nsemarkt 7, in K\u00f6nigslutter.<\/p>\n<p>Weitere Mitglieder, die Interesse an der Modellbahn haben und ihr Hobby gemeinsam mit Gleichgesinnten aus\u00fcben m\u00f6chten sind uns jederzeit willkommen. Als einer der wenigen LGB-Vereine bieten wir auch die Teilnahmem\u00f6glichkeit an gro\u00dfen Modellbahnmessen. Eine eigene Modellbahnanlage ist keine Voraussetzung<\/p>\n<\/div>\n<\/div>\n","protected":false},"excerpt":{"rendered":"<p>Die Arbeitsgemeinschaft Eisenbahn K\u00f6nigslutter ist ein eingetragener Verein mit derzeit 15 Mitgliedern aus K\u00f6nigslutter und Umgebung. Unser Verein besteht seit 1999. Wir besch\u00e4ftigen uns haupts\u00e4chlich mit der Spur IIm (LGB). In dieser Spur betreiben wir eine Modulanlage in der Gr\u00f6\u00dfe 15,0 x 3,0 m. Landschaft, H\u00e4user und Fahrbetrieb sind auf die HSB und den Harz [&hellip;]<\/p>\n","protected":false},"author":4,"featured_media":0,"parent":0,"menu_order":0,"comment_status":"open","ping_status":"open","template":"page-templates\/front-page.php","meta":{"footnotes":""},"class_list":["post-13","page","type-page","status-publish","hentry"],"_links":{"self":[{"href":"https:\/\/www.modellbahn-koenigslutter.de\/index.php?rest_route=\/wp\/v2\/pages\/13","targetHints":{"allow":["GET"]}}],"collection":[{"href":"https:\/\/www.modellbahn-koenigslutter.de\/index.php?rest_route=\/wp\/v2\/pages"}],"about":[{"href":"https:\/\/www.modellbahn-koenigslutter.de\/index.php?rest_route=\/wp\/v2\/types\/page"}],"author":[{"embeddable":true,"href":"https:\/\/www.modellbahn-koenigslutter.de\/index.php?rest_route=\/wp\/v2\/users\/4"}],"replies":[{"embeddable":true,"href":"https:\/\/www.modellbahn-koenigslutter.de\/index.php?rest_route=%2Fwp%2Fv2%2Fcomments&post=13"}],"version-history":[{"count":4,"href":"https:\/\/www.modellbahn-koenigslutter.de\/index.php?rest_route=\/wp\/v2\/pages\/13\/revisions"}],"predecessor-version":[{"id":998,"href":"https:\/\/www.modellbahn-koenigslutter.de\/index.php?rest_route=\/wp\/v2\/pages\/13\/revisions\/998"}],"wp:attachment":[{"href":"https:\/\/www.modellbahn-koenigslutter.de\/index.php?rest_route=%2Fwp%2Fv2%2Fmedia&parent=13"}],"curies":[{"name":"wp","href":"https:\/\/api.w.org\/{rel}","templated":true}]}}